{"id":23,"date":"2016-07-28T20:38:46","date_gmt":"2016-07-28T20:38:46","guid":{"rendered":"http:\/\/tdt.com.gt\/tdt\/?page_id=23"},"modified":"2019-08-07T18:17:09","modified_gmt":"2019-08-07T18:17:09","slug":"transporte-aereo","status":"publish","type":"page","link":"https:\/\/tdt.com.gt\/tdt\/transporte-aereo\/","title":{"rendered":"Transporte A\u00e9reo"},"content":{"rendered":"<p>El transporte a\u00e9reo es el desplazamiento controlado, a trav\u00e9s del aire, de veh\u00edculos impulsados por sus propios motores o con capacidad para planear. Estas aeronaves permiten trasladar pasajeros o cargas desde un lugar hacia otro, generalmente distante a muchos kil\u00f3metros.<\/p>\n<p>Entre las ventajas del transporte a\u00e9reo, se destacan la rapidez y la seguridad.<\/p>\n<p><img loading=\"lazy\" decoding=\"async\" class=\"size-medium wp-image-28 img-responsive aligncenter\" src=\"https:\/\/tdt.com.gt\/tdt\/wp-content\/uploads\/2016\/07\/plane-300x200.jpg\" alt=\"plane\" width=\"300\" height=\"200\" srcset=\"https:\/\/tdt.com.gt\/tdt\/wp-content\/uploads\/2016\/07\/plane-300x200.jpg 300w, https:\/\/tdt.com.gt\/tdt\/wp-content\/uploads\/2016\/07\/plane-768x512.jpg 768w, https:\/\/tdt.com.gt\/tdt\/wp-content\/uploads\/2016\/07\/plane-1024x683.jpg 1024w, https:\/\/tdt.com.gt\/tdt\/wp-content\/uploads\/2016\/07\/plane-750x500.jpg 750w, https:\/\/tdt.com.gt\/tdt\/wp-content\/uploads\/2016\/07\/plane.jpg 1920w\" sizes=\"(max-width: 300px) 100vw, 300px\" \/><\/p>\n","protected":false},"excerpt":{"rendered":"<p>El transporte a\u00e9reo es el desplazamiento controlado, a trav\u00e9s del aire, de veh\u00edculos impulsados por sus propios motores o con capacidad para planear. Estas aeronaves permiten trasladar pasajeros o cargas desde un lugar hacia otro, generalmente distante a muchos kil\u00f3metros.<\/p>\n","protected":false},"author":1,"featured_media":65,"parent":0,"menu_order":0,"comment_status":"closed","ping_status":"closed","template":"","meta":{"footnotes":""},"_links":{"self":[{"href":"https:\/\/tdt.com.gt\/tdt\/wp-json\/wp\/v2\/pages\/23"}],"collection":[{"href":"https:\/\/tdt.com.gt\/tdt\/wp-json\/wp\/v2\/pages"}],"about":[{"href":"https:\/\/tdt.com.gt\/tdt\/wp-json\/wp\/v2\/types\/page"}],"author":[{"embeddable":true,"href":"https:\/\/tdt.com.gt\/tdt\/wp-json\/wp\/v2\/users\/1"}],"replies":[{"embeddable":true,"href":"https:\/\/tdt.com.gt\/tdt\/wp-json\/wp\/v2\/comments?post=23"}],"version-history":[{"count":3,"href":"https:\/\/tdt.com.gt\/tdt\/wp-json\/wp\/v2\/pages\/23\/revisions"}],"predecessor-version":[{"id":57,"href":"https:\/\/tdt.com.gt\/tdt\/wp-json\/wp\/v2\/pages\/23\/revisions\/57"}],"wp:featuredmedia":[{"embeddable":true,"href":"https:\/\/tdt.com.gt\/tdt\/wp-json\/wp\/v2\/media\/65"}],"wp:attachment":[{"href":"https:\/\/tdt.com.gt\/tdt\/wp-json\/wp\/v2\/media?parent=23"}],"curies":[{"name":"wp","href":"https:\/\/api.w.org\/{rel}","templated":true}]}}