{"id":19,"date":"2016-07-28T20:38:05","date_gmt":"2016-07-28T20:38:05","guid":{"rendered":"http:\/\/tdt.com.gt\/tdt\/?page_id=19"},"modified":"2016-08-11T18:46:07","modified_gmt":"2016-08-11T18:46:07","slug":"transporte-maritimo","status":"publish","type":"page","link":"https:\/\/tdt.com.gt\/tdt\/transporte-maritimo\/","title":{"rendered":"Transporte Mar\u00edtimo"},"content":{"rendered":"<p>El transporte mar\u00edtimo, en el \u00e1mbito mundial, es el modo m\u00e1s utilizado para el comercio internacional. Es el que soporta mayor movimiento de mercanc\u00edas, tanto en contenedor, como graneles secos o l\u00edquidos.<\/p>\n<p>Teniendo en cuenta que el planeta Tierra est\u00e1 cubierto por agua en sus dos terceras partes, el hombre ha buscado la manera de viajar sobre el agua. As\u00ed el agua ha unido diversas partes del globo terr\u00e1queo porque los barcos navegan por ellas.<\/p>\n<p><img loading=\"lazy\" decoding=\"async\" class=\"size-full wp-image-53 img-responsive aligncenter\" src=\"https:\/\/tdt.com.gt\/tdt\/wp-content\/uploads\/2016\/07\/tmaritimo.jpg\" alt=\"tmaritimo\" width=\"280\" height=\"210\" \/><\/p>\n","protected":false},"excerpt":{"rendered":"<p>El transporte mar\u00edtimo, en el \u00e1mbito mundial, es el modo m\u00e1s utilizado para el comercio internacional. Es el que soporta mayor movimiento de mercanc\u00edas, tanto en contenedor, como graneles secos o l\u00edquidos. Teniendo en cuenta que el planeta Tierra est\u00e1<\/p>\n","protected":false},"author":1,"featured_media":66,"parent":0,"menu_order":0,"comment_status":"closed","ping_status":"closed","template":"","meta":{"footnotes":""},"_links":{"self":[{"href":"https:\/\/tdt.com.gt\/tdt\/wp-json\/wp\/v2\/pages\/19"}],"collection":[{"href":"https:\/\/tdt.com.gt\/tdt\/wp-json\/wp\/v2\/pages"}],"about":[{"href":"https:\/\/tdt.com.gt\/tdt\/wp-json\/wp\/v2\/types\/page"}],"author":[{"embeddable":true,"href":"https:\/\/tdt.com.gt\/tdt\/wp-json\/wp\/v2\/users\/1"}],"replies":[{"embeddable":true,"href":"https:\/\/tdt.com.gt\/tdt\/wp-json\/wp\/v2\/comments?post=19"}],"version-history":[{"count":3,"href":"https:\/\/tdt.com.gt\/tdt\/wp-json\/wp\/v2\/pages\/19\/revisions"}],"predecessor-version":[{"id":55,"href":"https:\/\/tdt.com.gt\/tdt\/wp-json\/wp\/v2\/pages\/19\/revisions\/55"}],"wp:featuredmedia":[{"embeddable":true,"href":"https:\/\/tdt.com.gt\/tdt\/wp-json\/wp\/v2\/media\/66"}],"wp:attachment":[{"href":"https:\/\/tdt.com.gt\/tdt\/wp-json\/wp\/v2\/media?parent=19"}],"curies":[{"name":"wp","href":"https:\/\/api.w.org\/{rel}","templated":true}]}}